{"id":46,"date":"2013-02-22T10:13:59","date_gmt":"2013-02-22T15:13:59","guid":{"rendered":"http:\/\/www.photosbyadam.ca\/fr\/?page_id=46"},"modified":"2023-03-09T09:05:53","modified_gmt":"2023-03-09T14:05:53","slug":"photos-de-mariage-a-montreal-par-adam-feldstain","status":"publish","type":"page","link":"https:\/\/www.photosbyadam.ca\/fr\/photos-de-mariage-a-montreal-par-adam-feldstain","title":{"rendered":"photos de mariage \u00e0 montr\u00e9al &#8211; Adam Feldstain Photography"},"content":{"rendered":"<h1>galerie de photos de mariage \u00e0 montr\u00e9al<\/h1>\nngg_shortcode_0_placeholder\n<h1>&nbsp;<\/h1>\n<p>voici une s\u00e9lection de photos de mariage \u00e0 Montr\u00e9al \u00e0 partir de quelques mariages r\u00e9cents que j&#8217;ai photographi\u00e9s<\/p>\n","protected":false},"excerpt":{"rendered":"<p>galerie de photos de mariage \u00e0 montr\u00e9al &nbsp; &nbsp; voici une s\u00e9lection de photos de mariage \u00e0 Montr\u00e9al \u00e0 partir de quelques mariages r\u00e9cents que j&#8217;ai photographi\u00e9s<\/p>\n","protected":false},"author":1,"featured_media":0,"parent":0,"menu_order":0,"comment_status":"closed","ping_status":"open","template":"template-page-no-title.php","meta":{"ngg_post_thumbnail":0,"footnotes":""},"class_list":["post-46","page","type-page","status-publish","hentry","entry"],"yoast_head":"<!-- This site is optimized with the Yoast SEO plugin v24.9 - https:\/\/yoast.com\/wordpress\/plugins\/seo\/ -->\n<title>photos de mariage \u00e0 montr\u00e9al<\/title>\n<meta name=\"description\" content=\"voici une s\u00e9lection de photos de mariage \u00e0 Montr\u00e9al \u00e0 partir de quelques mariages r\u00e9cents que j&#039;ai photographi\u00e9s\" \/>\n<meta name=\"robots\" content=\"index, follow, max-snippet:-1, max-image-preview:large, max-video-preview:-1\" \/>\n<link rel=\"canonical\" href=\"https:\/\/www.photosbyadam.ca\/fr\/photos-de-mariage-a-montreal-par-adam-feldstain\" \/>\n<meta property=\"og:locale\" content=\"en_US\" \/>\n<meta property=\"og:type\" content=\"article\" \/>\n<meta property=\"og:title\" content=\"photos de mariage \u00e0 montr\u00e9al\" \/>\n<meta property=\"og:description\" content=\"voici une s\u00e9lection de photos de mariage \u00e0 Montr\u00e9al \u00e0 partir de quelques mariages r\u00e9cents que j&#039;ai photographi\u00e9s\" \/>\n<meta property=\"og:url\" content=\"https:\/\/www.photosbyadam.ca\/fr\/photos-de-mariage-a-montreal-par-adam-feldstain\" \/>\n<meta property=\"og:site_name\" content=\"Photographie Adam Feldstain\" \/>\n<meta property=\"article:modified_time\" content=\"2023-03-09T14:05:53+00:00\" \/>\n<meta name=\"twitter:card\" content=\"summary_large_image\" \/>\n<meta name=\"twitter:site\" content=\"@afptweets\" \/>\n<script type=\"application\/ld+json\" class=\"yoast-schema-graph\">{\"@context\":\"https:\/\/schema.org\",\"@graph\":[{\"@type\":\"WebPage\",\"@id\":\"https:\/\/www.photosbyadam.ca\/fr\/photos-de-mariage-a-montreal-par-adam-feldstain\",\"url\":\"https:\/\/www.photosbyadam.ca\/fr\/photos-de-mariage-a-montreal-par-adam-feldstain\",\"name\":\"photos de mariage \u00e0 montr\u00e9al\",\"isPartOf\":{\"@id\":\"https:\/\/www.photosbyadam.ca\/fr\/#website\"},\"datePublished\":\"2013-02-22T15:13:59+00:00\",\"dateModified\":\"2023-03-09T14:05:53+00:00\",\"description\":\"voici une s\u00e9lection de photos de mariage \u00e0 Montr\u00e9al \u00e0 partir de quelques mariages r\u00e9cents que j'ai photographi\u00e9s\",\"breadcrumb\":{\"@id\":\"https:\/\/www.photosbyadam.ca\/fr\/photos-de-mariage-a-montreal-par-adam-feldstain#breadcrumb\"},\"inLanguage\":\"en-US\",\"potentialAction\":[{\"@type\":\"ReadAction\",\"target\":[\"https:\/\/www.photosbyadam.ca\/fr\/photos-de-mariage-a-montreal-par-adam-feldstain\"]}]},{\"@type\":\"BreadcrumbList\",\"@id\":\"https:\/\/www.photosbyadam.ca\/fr\/photos-de-mariage-a-montreal-par-adam-feldstain#breadcrumb\",\"itemListElement\":[{\"@type\":\"ListItem\",\"position\":1,\"name\":\"accueil\",\"item\":\"https:\/\/www.photosbyadam.ca\/fr\/\"},{\"@type\":\"ListItem\",\"position\":2,\"name\":\"photos de mariage \u00e0 montr\u00e9al &#8211; Adam Feldstain Photography\"}]},{\"@type\":\"WebSite\",\"@id\":\"https:\/\/www.photosbyadam.ca\/fr\/#website\",\"url\":\"https:\/\/www.photosbyadam.ca\/fr\/\",\"name\":\"Photographie Adam Feldstain\",\"description\":\"Les service du photographie pour les mariage\",\"publisher\":{\"@id\":\"https:\/\/www.photosbyadam.ca\/fr\/#organization\"},\"potentialAction\":[{\"@type\":\"SearchAction\",\"target\":{\"@type\":\"EntryPoint\",\"urlTemplate\":\"https:\/\/www.photosbyadam.ca\/fr\/?s={search_term_string}\"},\"query-input\":{\"@type\":\"PropertyValueSpecification\",\"valueRequired\":true,\"valueName\":\"search_term_string\"}}],\"inLanguage\":\"en-US\"},{\"@type\":\"Organization\",\"@id\":\"https:\/\/www.photosbyadam.ca\/fr\/#organization\",\"name\":\"Photographie Adam Feldstain\",\"url\":\"https:\/\/www.photosbyadam.ca\/fr\/\",\"logo\":{\"@type\":\"ImageObject\",\"inLanguage\":\"en-US\",\"@id\":\"https:\/\/www.photosbyadam.ca\/fr\/#\/schema\/logo\/image\/\",\"url\":\"https:\/\/www.photosbyadam.ca\/fr\/wp-content\/uploads\/2017\/12\/cropped-afp-site-logo-2018.png\",\"contentUrl\":\"https:\/\/www.photosbyadam.ca\/fr\/wp-content\/uploads\/2017\/12\/cropped-afp-site-logo-2018.png\",\"width\":410,\"height\":82,\"caption\":\"Photographie Adam Feldstain\"},\"image\":{\"@id\":\"https:\/\/www.photosbyadam.ca\/fr\/#\/schema\/logo\/image\/\"},\"sameAs\":[\"https:\/\/x.com\/afptweets\"]}]}<\/script>\n<!-- \/ Yoast SEO plugin. -->","yoast_head_json":{"title":"photos de mariage \u00e0 montr\u00e9al","description":"voici une s\u00e9lection de photos de mariage \u00e0 Montr\u00e9al \u00e0 partir de quelques mariages r\u00e9cents que j'ai photographi\u00e9s","robots":{"index":"index","follow":"follow","max-snippet":"max-snippet:-1","max-image-preview":"max-image-preview:large","max-video-preview":"max-video-preview:-1"},"canonical":"https:\/\/www.photosbyadam.ca\/fr\/photos-de-mariage-a-montreal-par-adam-feldstain","og_locale":"en_US","og_type":"article","og_title":"photos de mariage \u00e0 montr\u00e9al","og_description":"voici une s\u00e9lection de photos de mariage \u00e0 Montr\u00e9al \u00e0 partir de quelques mariages r\u00e9cents que j'ai photographi\u00e9s","og_url":"https:\/\/www.photosbyadam.ca\/fr\/photos-de-mariage-a-montreal-par-adam-feldstain","og_site_name":"Photographie Adam Feldstain","article_modified_time":"2023-03-09T14:05:53+00:00","twitter_card":"summary_large_image","twitter_site":"@afptweets","schema":{"@context":"https:\/\/schema.org","@graph":[{"@type":"WebPage","@id":"https:\/\/www.photosbyadam.ca\/fr\/photos-de-mariage-a-montreal-par-adam-feldstain","url":"https:\/\/www.photosbyadam.ca\/fr\/photos-de-mariage-a-montreal-par-adam-feldstain","name":"photos de mariage \u00e0 montr\u00e9al","isPartOf":{"@id":"https:\/\/www.photosbyadam.ca\/fr\/#website"},"datePublished":"2013-02-22T15:13:59+00:00","dateModified":"2023-03-09T14:05:53+00:00","description":"voici une s\u00e9lection de photos de mariage \u00e0 Montr\u00e9al \u00e0 partir de quelques mariages r\u00e9cents que j'ai photographi\u00e9s","breadcrumb":{"@id":"https:\/\/www.photosbyadam.ca\/fr\/photos-de-mariage-a-montreal-par-adam-feldstain#breadcrumb"},"inLanguage":"en-US","potentialAction":[{"@type":"ReadAction","target":["https:\/\/www.photosbyadam.ca\/fr\/photos-de-mariage-a-montreal-par-adam-feldstain"]}]},{"@type":"BreadcrumbList","@id":"https:\/\/www.photosbyadam.ca\/fr\/photos-de-mariage-a-montreal-par-adam-feldstain#breadcrumb","itemListElement":[{"@type":"ListItem","position":1,"name":"accueil","item":"https:\/\/www.photosbyadam.ca\/fr\/"},{"@type":"ListItem","position":2,"name":"photos de mariage \u00e0 montr\u00e9al &#8211; Adam Feldstain Photography"}]},{"@type":"WebSite","@id":"https:\/\/www.photosbyadam.ca\/fr\/#website","url":"https:\/\/www.photosbyadam.ca\/fr\/","name":"Photographie Adam Feldstain","description":"Les service du photographie pour les mariage","publisher":{"@id":"https:\/\/www.photosbyadam.ca\/fr\/#organization"},"potentialAction":[{"@type":"SearchAction","target":{"@type":"EntryPoint","urlTemplate":"https:\/\/www.photosbyadam.ca\/fr\/?s={search_term_string}"},"query-input":{"@type":"PropertyValueSpecification","valueRequired":true,"valueName":"search_term_string"}}],"inLanguage":"en-US"},{"@type":"Organization","@id":"https:\/\/www.photosbyadam.ca\/fr\/#organization","name":"Photographie Adam Feldstain","url":"https:\/\/www.photosbyadam.ca\/fr\/","logo":{"@type":"ImageObject","inLanguage":"en-US","@id":"https:\/\/www.photosbyadam.ca\/fr\/#\/schema\/logo\/image\/","url":"https:\/\/www.photosbyadam.ca\/fr\/wp-content\/uploads\/2017\/12\/cropped-afp-site-logo-2018.png","contentUrl":"https:\/\/www.photosbyadam.ca\/fr\/wp-content\/uploads\/2017\/12\/cropped-afp-site-logo-2018.png","width":410,"height":82,"caption":"Photographie Adam Feldstain"},"image":{"@id":"https:\/\/www.photosbyadam.ca\/fr\/#\/schema\/logo\/image\/"},"sameAs":["https:\/\/x.com\/afptweets"]}]}},"_links":{"self":[{"href":"https:\/\/www.photosbyadam.ca\/fr\/wp-json\/wp\/v2\/pages\/46","targetHints":{"allow":["GET"]}}],"collection":[{"href":"https:\/\/www.photosbyadam.ca\/fr\/wp-json\/wp\/v2\/pages"}],"about":[{"href":"https:\/\/www.photosbyadam.ca\/fr\/wp-json\/wp\/v2\/types\/page"}],"author":[{"embeddable":true,"href":"https:\/\/www.photosbyadam.ca\/fr\/wp-json\/wp\/v2\/users\/1"}],"replies":[{"embeddable":true,"href":"https:\/\/www.photosbyadam.ca\/fr\/wp-json\/wp\/v2\/comments?post=46"}],"version-history":[{"count":18,"href":"https:\/\/www.photosbyadam.ca\/fr\/wp-json\/wp\/v2\/pages\/46\/revisions"}],"predecessor-version":[{"id":227,"href":"https:\/\/www.photosbyadam.ca\/fr\/wp-json\/wp\/v2\/pages\/46\/revisions\/227"}],"wp:attachment":[{"href":"https:\/\/www.photosbyadam.ca\/fr\/wp-json\/wp\/v2\/media?parent=46"}],"curies":[{"name":"wp","href":"https:\/\/api.w.org\/{rel}","templated":true}]}}