{"id":25,"date":"2013-02-20T00:49:19","date_gmt":"2013-02-20T05:49:19","guid":{"rendered":"http:\/\/www.photosbyadam.ca\/fr\/?page_id=25"},"modified":"2023-03-09T09:07:21","modified_gmt":"2023-03-09T14:07:21","slug":"tarifs-de-photographie-de-mariage-a-montreal","status":"publish","type":"page","link":"https:\/\/www.photosbyadam.ca\/fr\/tarifs-de-photographie-de-mariage-a-montreal","title":{"rendered":"tarifs de photographie de mariage a montr\u00e8al"},"content":{"rendered":"<h1>tarifs de photographie de mariage a montr\u00e8al<\/h1>\n<p>&nbsp;<\/p>\n<h2>Parlons affaires!<\/h2>\n<p>Comme tout le monde, vous \u00eates unique! Un photographe avec un bon style et une attitude id\u00e9ale vous mettra \u00e0 l&#8217;aise et \u00e7a se verra dans vos photos,<br \/>\nafin que vous puissiez revivre les moments et les souvenirs de votre jour de mariage pendant de nombreuses ann\u00e9es.<\/p>\n<p>C&#8217;est donc pour \u00e7a que je voudrais vous parler \u00e0 propos de mes forfaits pour votre journ\u00e9e sp\u00e9ciale ou tout simplement r\u00e9pondre \u00e0 quelques questions.<\/p>\n<div id=\"gt-res-content\">\n<div dir=\"ltr\">Mes collections de mariage commencent \u00e0 $ 5595 et incluent un album<\/div>\n<\/div>\n<p>N&#8217;h\u00e9sitez pas \u00e0 me contacter:<br \/>\npar t\u00e9l\u00e9phone: 514-703-2553<br \/>\npar courriel: <a href=\"mailto:adam@photosbyadam.ca?subject=demande de nouveaux clients\">adam@photosbyadam.ca<\/a><\/p>\n<p>ou en s\u00e9lectionnant &#8220;<a href=\"https:\/\/www.photosbyadam.ca\/fr\/contact-adam-feldstain-photography\">Contact<\/a>&#8221; dans le menu ci-dessus.<\/p>\n<p>J&#8217;ai h\u00e2te de vous parler et entretemps veuillez accepter mes f\u00e9licitations!<\/p>\n","protected":false},"excerpt":{"rendered":"<p>tarifs de photographie de mariage a montr\u00e8al &nbsp; Parlons affaires! Comme tout le monde, vous \u00eates unique! Un photographe avec un bon style et une attitude id\u00e9ale vous mettra \u00e0 l&#8217;aise et \u00e7a se verra dans vos photos, afin que vous puissiez revivre les moments et les souvenirs de votre jour de mariage pendant de [&hellip;]<\/p>\n","protected":false},"author":1,"featured_media":0,"parent":0,"menu_order":0,"comment_status":"closed","ping_status":"open","template":"template-page-no-title.php","meta":{"ngg_post_thumbnail":0,"footnotes":""},"class_list":["post-25","page","type-page","status-publish","hentry","entry"],"yoast_head":"<!-- This site is optimized with the Yoast SEO plugin v24.9 - https:\/\/yoast.com\/wordpress\/plugins\/seo\/ -->\n<title>mes tarifs de photographie de mariage a montr\u00e8al<\/title>\n<meta name=\"description\" content=\"Cette page affiche des informations sur mes tarifs de photographie de mariage a montr\u00e8al\" \/>\n<meta name=\"robots\" content=\"index, follow, max-snippet:-1, max-image-preview:large, max-video-preview:-1\" \/>\n<link rel=\"canonical\" href=\"https:\/\/www.photosbyadam.ca\/fr\/tarifs-de-photographie-de-mariage-a-montreal\" \/>\n<meta property=\"og:locale\" content=\"en_US\" \/>\n<meta property=\"og:type\" content=\"article\" \/>\n<meta property=\"og:title\" content=\"mes tarifs de photographie de mariage a montr\u00e8al\" \/>\n<meta property=\"og:description\" content=\"Cette page affiche des informations sur mes tarifs de photographie de mariage a montr\u00e8al\" \/>\n<meta property=\"og:url\" content=\"https:\/\/www.photosbyadam.ca\/fr\/tarifs-de-photographie-de-mariage-a-montreal\" \/>\n<meta property=\"og:site_name\" content=\"Photographie Adam Feldstain\" \/>\n<meta property=\"article:modified_time\" content=\"2023-03-09T14:07:21+00:00\" \/>\n<meta name=\"twitter:card\" content=\"summary_large_image\" \/>\n<meta name=\"twitter:site\" content=\"@afptweets\" \/>\n<meta name=\"twitter:label1\" content=\"Est. reading time\" \/>\n\t<meta name=\"twitter:data1\" content=\"1 minute\" \/>\n<script type=\"application\/ld+json\" class=\"yoast-schema-graph\">{\"@context\":\"https:\/\/schema.org\",\"@graph\":[{\"@type\":\"WebPage\",\"@id\":\"https:\/\/www.photosbyadam.ca\/fr\/tarifs-de-photographie-de-mariage-a-montreal\",\"url\":\"https:\/\/www.photosbyadam.ca\/fr\/tarifs-de-photographie-de-mariage-a-montreal\",\"name\":\"mes tarifs de photographie de mariage a montr\u00e8al\",\"isPartOf\":{\"@id\":\"https:\/\/www.photosbyadam.ca\/fr\/#website\"},\"datePublished\":\"2013-02-20T05:49:19+00:00\",\"dateModified\":\"2023-03-09T14:07:21+00:00\",\"description\":\"Cette page affiche des informations sur mes tarifs de photographie de mariage a montr\u00e8al\",\"breadcrumb\":{\"@id\":\"https:\/\/www.photosbyadam.ca\/fr\/tarifs-de-photographie-de-mariage-a-montreal#breadcrumb\"},\"inLanguage\":\"en-US\",\"potentialAction\":[{\"@type\":\"ReadAction\",\"target\":[\"https:\/\/www.photosbyadam.ca\/fr\/tarifs-de-photographie-de-mariage-a-montreal\"]}]},{\"@type\":\"BreadcrumbList\",\"@id\":\"https:\/\/www.photosbyadam.ca\/fr\/tarifs-de-photographie-de-mariage-a-montreal#breadcrumb\",\"itemListElement\":[{\"@type\":\"ListItem\",\"position\":1,\"name\":\"accueil\",\"item\":\"https:\/\/www.photosbyadam.ca\/fr\/\"},{\"@type\":\"ListItem\",\"position\":2,\"name\":\"tarifs de photographie de mariage a montr\u00e8al\"}]},{\"@type\":\"WebSite\",\"@id\":\"https:\/\/www.photosbyadam.ca\/fr\/#website\",\"url\":\"https:\/\/www.photosbyadam.ca\/fr\/\",\"name\":\"Photographie Adam Feldstain\",\"description\":\"Les service du photographie pour les mariage\",\"publisher\":{\"@id\":\"https:\/\/www.photosbyadam.ca\/fr\/#organization\"},\"potentialAction\":[{\"@type\":\"SearchAction\",\"target\":{\"@type\":\"EntryPoint\",\"urlTemplate\":\"https:\/\/www.photosbyadam.ca\/fr\/?s={search_term_string}\"},\"query-input\":{\"@type\":\"PropertyValueSpecification\",\"valueRequired\":true,\"valueName\":\"search_term_string\"}}],\"inLanguage\":\"en-US\"},{\"@type\":\"Organization\",\"@id\":\"https:\/\/www.photosbyadam.ca\/fr\/#organization\",\"name\":\"Photographie Adam Feldstain\",\"url\":\"https:\/\/www.photosbyadam.ca\/fr\/\",\"logo\":{\"@type\":\"ImageObject\",\"inLanguage\":\"en-US\",\"@id\":\"https:\/\/www.photosbyadam.ca\/fr\/#\/schema\/logo\/image\/\",\"url\":\"https:\/\/www.photosbyadam.ca\/fr\/wp-content\/uploads\/2017\/12\/cropped-afp-site-logo-2018.png\",\"contentUrl\":\"https:\/\/www.photosbyadam.ca\/fr\/wp-content\/uploads\/2017\/12\/cropped-afp-site-logo-2018.png\",\"width\":410,\"height\":82,\"caption\":\"Photographie Adam Feldstain\"},\"image\":{\"@id\":\"https:\/\/www.photosbyadam.ca\/fr\/#\/schema\/logo\/image\/\"},\"sameAs\":[\"https:\/\/x.com\/afptweets\"]}]}<\/script>\n<!-- \/ Yoast SEO plugin. -->","yoast_head_json":{"title":"mes tarifs de photographie de mariage a montr\u00e8al","description":"Cette page affiche des informations sur mes tarifs de photographie de mariage a montr\u00e8al","robots":{"index":"index","follow":"follow","max-snippet":"max-snippet:-1","max-image-preview":"max-image-preview:large","max-video-preview":"max-video-preview:-1"},"canonical":"https:\/\/www.photosbyadam.ca\/fr\/tarifs-de-photographie-de-mariage-a-montreal","og_locale":"en_US","og_type":"article","og_title":"mes tarifs de photographie de mariage a montr\u00e8al","og_description":"Cette page affiche des informations sur mes tarifs de photographie de mariage a montr\u00e8al","og_url":"https:\/\/www.photosbyadam.ca\/fr\/tarifs-de-photographie-de-mariage-a-montreal","og_site_name":"Photographie Adam Feldstain","article_modified_time":"2023-03-09T14:07:21+00:00","twitter_card":"summary_large_image","twitter_site":"@afptweets","twitter_misc":{"Est. reading time":"1 minute"},"schema":{"@context":"https:\/\/schema.org","@graph":[{"@type":"WebPage","@id":"https:\/\/www.photosbyadam.ca\/fr\/tarifs-de-photographie-de-mariage-a-montreal","url":"https:\/\/www.photosbyadam.ca\/fr\/tarifs-de-photographie-de-mariage-a-montreal","name":"mes tarifs de photographie de mariage a montr\u00e8al","isPartOf":{"@id":"https:\/\/www.photosbyadam.ca\/fr\/#website"},"datePublished":"2013-02-20T05:49:19+00:00","dateModified":"2023-03-09T14:07:21+00:00","description":"Cette page affiche des informations sur mes tarifs de photographie de mariage a montr\u00e8al","breadcrumb":{"@id":"https:\/\/www.photosbyadam.ca\/fr\/tarifs-de-photographie-de-mariage-a-montreal#breadcrumb"},"inLanguage":"en-US","potentialAction":[{"@type":"ReadAction","target":["https:\/\/www.photosbyadam.ca\/fr\/tarifs-de-photographie-de-mariage-a-montreal"]}]},{"@type":"BreadcrumbList","@id":"https:\/\/www.photosbyadam.ca\/fr\/tarifs-de-photographie-de-mariage-a-montreal#breadcrumb","itemListElement":[{"@type":"ListItem","position":1,"name":"accueil","item":"https:\/\/www.photosbyadam.ca\/fr\/"},{"@type":"ListItem","position":2,"name":"tarifs de photographie de mariage a montr\u00e8al"}]},{"@type":"WebSite","@id":"https:\/\/www.photosbyadam.ca\/fr\/#website","url":"https:\/\/www.photosbyadam.ca\/fr\/","name":"Photographie Adam Feldstain","description":"Les service du photographie pour les mariage","publisher":{"@id":"https:\/\/www.photosbyadam.ca\/fr\/#organization"},"potentialAction":[{"@type":"SearchAction","target":{"@type":"EntryPoint","urlTemplate":"https:\/\/www.photosbyadam.ca\/fr\/?s={search_term_string}"},"query-input":{"@type":"PropertyValueSpecification","valueRequired":true,"valueName":"search_term_string"}}],"inLanguage":"en-US"},{"@type":"Organization","@id":"https:\/\/www.photosbyadam.ca\/fr\/#organization","name":"Photographie Adam Feldstain","url":"https:\/\/www.photosbyadam.ca\/fr\/","logo":{"@type":"ImageObject","inLanguage":"en-US","@id":"https:\/\/www.photosbyadam.ca\/fr\/#\/schema\/logo\/image\/","url":"https:\/\/www.photosbyadam.ca\/fr\/wp-content\/uploads\/2017\/12\/cropped-afp-site-logo-2018.png","contentUrl":"https:\/\/www.photosbyadam.ca\/fr\/wp-content\/uploads\/2017\/12\/cropped-afp-site-logo-2018.png","width":410,"height":82,"caption":"Photographie Adam Feldstain"},"image":{"@id":"https:\/\/www.photosbyadam.ca\/fr\/#\/schema\/logo\/image\/"},"sameAs":["https:\/\/x.com\/afptweets"]}]}},"_links":{"self":[{"href":"https:\/\/www.photosbyadam.ca\/fr\/wp-json\/wp\/v2\/pages\/25","targetHints":{"allow":["GET"]}}],"collection":[{"href":"https:\/\/www.photosbyadam.ca\/fr\/wp-json\/wp\/v2\/pages"}],"about":[{"href":"https:\/\/www.photosbyadam.ca\/fr\/wp-json\/wp\/v2\/types\/page"}],"author":[{"embeddable":true,"href":"https:\/\/www.photosbyadam.ca\/fr\/wp-json\/wp\/v2\/users\/1"}],"replies":[{"embeddable":true,"href":"https:\/\/www.photosbyadam.ca\/fr\/wp-json\/wp\/v2\/comments?post=25"}],"version-history":[{"count":6,"href":"https:\/\/www.photosbyadam.ca\/fr\/wp-json\/wp\/v2\/pages\/25\/revisions"}],"predecessor-version":[{"id":232,"href":"https:\/\/www.photosbyadam.ca\/fr\/wp-json\/wp\/v2\/pages\/25\/revisions\/232"}],"wp:attachment":[{"href":"https:\/\/www.photosbyadam.ca\/fr\/wp-json\/wp\/v2\/media?parent=25"}],"curies":[{"name":"wp","href":"https:\/\/api.w.org\/{rel}","templated":true}]}}