{"id":10,"date":"2013-02-19T16:52:24","date_gmt":"2013-02-19T21:52:24","guid":{"rendered":"http:\/\/www.photosbyadam.ca\/fr\/?page_id=10"},"modified":"2023-03-09T09:05:52","modified_gmt":"2023-03-09T14:05:52","slug":"photographe-de-mariage-a-montreal-a-propos-de-moi","status":"publish","type":"page","link":"https:\/\/www.photosbyadam.ca\/fr\/photographe-de-mariage-a-montreal-a-propos-de-moi","title":{"rendered":"photographe de mariage a Montr\u00e9al &#8211; \u00e0 propos de moi"},"content":{"rendered":"<h1><em><a href=\"http:\/\/www.photosbyadam.ca\/fr\/wp-content\/uploads\/2013\/02\/adams_photo2.jpg\"><img loading=\"lazy\" decoding=\"async\" class=\"size-full wp-image-12 alignright\" alt=\"Profile picture of Adam Feldstain\" src=\"http:\/\/www.photosbyadam.ca\/fr\/wp-content\/uploads\/2013\/02\/adams_photo2.jpg\" width=\"414\" height=\"545\" srcset=\"https:\/\/www.photosbyadam.ca\/fr\/wp-content\/uploads\/2013\/02\/adams_photo2.jpg 414w, https:\/\/www.photosbyadam.ca\/fr\/wp-content\/uploads\/2013\/02\/adams_photo2-227x300.jpg 227w\" sizes=\"auto, (max-width: 414px) 100vw, 414px\" \/><\/a>photographe de mariage<\/em> a <em>Montr\u00e9al<\/em><\/h1>\n<p>&nbsp;<\/p>\n<h2>Tout ce que je dois dire ..<\/h2>\n<p>Tout d\u2019abord, merci d\u2019avoir pris le temps d\u2019en conna\u00eetre un peu plus sur moi et le travail que j\u2019effectue. Je vous avoue humblement que je ne suis pas le meilleur pour faire la promotion de ma personne. C\u2019est une bonne chose que le jour de votre mariage porte sur vous et non sur moi.<\/p>\n<p>J\u2019assume, \u00e0 ce moment, que vous avez pris un peu de temps pour regarder quelques images dans mes albums d\u2019\u00e9chantillon et je suis heureux que vous soyez maintenant ici. Il y a quelques petites choses dont j\u2019aimerais mettre en valeur \u00e0 propos de la photographie d\u2019Adam Feldstain, qui selon moi, me distinguent;<\/p>\n<p>Je raconte votre histoire \u00e0 travers les \u00e9motions, l\u2019amour et les moments magiques (parfois inaper\u00e7us). Il n\u2019y a pas deux mariages semblables alors j\u2019ai une approche distincte pour chacun, je n\u2019ai pas une approche r\u00e9gl\u00e9e \u00e0 l\u2019avance!<\/p>\n<p>&nbsp;<\/p>\n<p>Si vous allez plus en profondeur, vous apprendrez rapidement que chacune de mes collections command\u00e9es incluent un album physique. Je crois fortement que les albums survivent au temps et \u00e0 la technologie.<\/p>\n<p>Il est important pour moi que les couples, avec qui j\u2019ai la chance de travailler, re\u00e7oivent un h\u00e9ritage familial de photographies pour montrer \u00e0 leurs enfants et petits-enfants et pour pr\u00e9server l\u2019histoire pour les ann\u00e9es \u00e0 venir.<\/p>\n<p>&nbsp;<\/p>\n<p>Alors, je vous demande maintenant\u00a0: comment allez-vous vous souvenir de votre mariage? Ce sera ce premier regard, toucher ou sensation? Les d\u00e9tails, le d\u00e9cor ou les sourires? Peut-\u00eatre m\u00eame le mari\u00e9? Qu\u2019importe comment vous choisirez de vous rem\u00e9morer votre histoire\u2026Je souhaite que vous laisserez les photographies d\u2019Adam Feldstain \u00eatre celles qui parleront pour vous.<\/p>\n","protected":false},"excerpt":{"rendered":"<p>photographe de mariage a Montr\u00e9al &nbsp; Tout ce que je dois dire .. Tout d\u2019abord, merci d\u2019avoir pris le temps d\u2019en conna\u00eetre un peu plus sur moi et le travail que j\u2019effectue. Je vous avoue humblement que je ne suis pas le meilleur pour faire la promotion de ma personne. C\u2019est une bonne chose que [&hellip;]<\/p>\n","protected":false},"author":1,"featured_media":0,"parent":0,"menu_order":0,"comment_status":"closed","ping_status":"open","template":"template-page-no-title.php","meta":{"ngg_post_thumbnail":0,"footnotes":""},"class_list":["post-10","page","type-page","status-publish","hentry","entry"],"yoast_head":"<!-- This site is optimized with the Yoast SEO plugin v24.9 - https:\/\/yoast.com\/wordpress\/plugins\/seo\/ -->\n<title>\u00e0 propos de moi - Photographe de mariage a Montr\u00e9al - Adam Feldstain<\/title>\n<meta name=\"description\" content=\"Je suis un photographe de mariage a Montr\u00e9al Ma philosophie est que la vie est de l\u2019art qui ne demande qu\u2019\u00e0 \u00eatre encadr\u00e9.\" \/>\n<meta name=\"robots\" content=\"index, follow, max-snippet:-1, max-image-preview:large, max-video-preview:-1\" \/>\n<link rel=\"canonical\" href=\"https:\/\/www.photosbyadam.ca\/fr\/photographe-de-mariage-a-montreal-a-propos-de-moi\" \/>\n<meta property=\"og:locale\" content=\"en_US\" \/>\n<meta property=\"og:type\" content=\"article\" \/>\n<meta property=\"og:title\" content=\"\u00e0 propos de moi - Photographe de mariage a Montr\u00e9al - Adam Feldstain\" \/>\n<meta property=\"og:description\" content=\"Je suis un photographe de mariage a Montr\u00e9al Ma philosophie est que la vie est de l\u2019art qui ne demande qu\u2019\u00e0 \u00eatre encadr\u00e9.\" \/>\n<meta property=\"og:url\" content=\"https:\/\/www.photosbyadam.ca\/fr\/photographe-de-mariage-a-montreal-a-propos-de-moi\" \/>\n<meta property=\"og:site_name\" content=\"Photographie Adam Feldstain\" \/>\n<meta property=\"article:modified_time\" content=\"2023-03-09T14:05:52+00:00\" \/>\n<meta property=\"og:image\" content=\"http:\/\/www.photosbyadam.ca\/fr\/wp-content\/uploads\/2013\/02\/adams_photo2.jpg\" \/>\n<meta name=\"twitter:card\" content=\"summary_large_image\" \/>\n<meta name=\"twitter:site\" content=\"@afptweets\" \/>\n<meta name=\"twitter:label1\" content=\"Est. reading time\" \/>\n\t<meta name=\"twitter:data1\" content=\"2 minutes\" \/>\n<script type=\"application\/ld+json\" class=\"yoast-schema-graph\">{\"@context\":\"https:\/\/schema.org\",\"@graph\":[{\"@type\":\"WebPage\",\"@id\":\"https:\/\/www.photosbyadam.ca\/fr\/photographe-de-mariage-a-montreal-a-propos-de-moi\",\"url\":\"https:\/\/www.photosbyadam.ca\/fr\/photographe-de-mariage-a-montreal-a-propos-de-moi\",\"name\":\"\u00e0 propos de moi - Photographe de mariage a Montr\u00e9al - Adam Feldstain\",\"isPartOf\":{\"@id\":\"https:\/\/www.photosbyadam.ca\/fr\/#website\"},\"primaryImageOfPage\":{\"@id\":\"https:\/\/www.photosbyadam.ca\/fr\/photographe-de-mariage-a-montreal-a-propos-de-moi#primaryimage\"},\"image\":{\"@id\":\"https:\/\/www.photosbyadam.ca\/fr\/photographe-de-mariage-a-montreal-a-propos-de-moi#primaryimage\"},\"thumbnailUrl\":\"http:\/\/www.photosbyadam.ca\/fr\/wp-content\/uploads\/2013\/02\/adams_photo2.jpg\",\"datePublished\":\"2013-02-19T21:52:24+00:00\",\"dateModified\":\"2023-03-09T14:05:52+00:00\",\"description\":\"Je suis un photographe de mariage a Montr\u00e9al Ma philosophie est que la vie est de l\u2019art qui ne demande qu\u2019\u00e0 \u00eatre encadr\u00e9.\",\"breadcrumb\":{\"@id\":\"https:\/\/www.photosbyadam.ca\/fr\/photographe-de-mariage-a-montreal-a-propos-de-moi#breadcrumb\"},\"inLanguage\":\"en-US\",\"potentialAction\":[{\"@type\":\"ReadAction\",\"target\":[\"https:\/\/www.photosbyadam.ca\/fr\/photographe-de-mariage-a-montreal-a-propos-de-moi\"]}]},{\"@type\":\"ImageObject\",\"inLanguage\":\"en-US\",\"@id\":\"https:\/\/www.photosbyadam.ca\/fr\/photographe-de-mariage-a-montreal-a-propos-de-moi#primaryimage\",\"url\":\"http:\/\/www.photosbyadam.ca\/fr\/wp-content\/uploads\/2013\/02\/adams_photo2.jpg\",\"contentUrl\":\"http:\/\/www.photosbyadam.ca\/fr\/wp-content\/uploads\/2013\/02\/adams_photo2.jpg\"},{\"@type\":\"BreadcrumbList\",\"@id\":\"https:\/\/www.photosbyadam.ca\/fr\/photographe-de-mariage-a-montreal-a-propos-de-moi#breadcrumb\",\"itemListElement\":[{\"@type\":\"ListItem\",\"position\":1,\"name\":\"accueil\",\"item\":\"https:\/\/www.photosbyadam.ca\/fr\/\"},{\"@type\":\"ListItem\",\"position\":2,\"name\":\"photographe de mariage a Montr\u00e9al &#8211; \u00e0 propos de moi\"}]},{\"@type\":\"WebSite\",\"@id\":\"https:\/\/www.photosbyadam.ca\/fr\/#website\",\"url\":\"https:\/\/www.photosbyadam.ca\/fr\/\",\"name\":\"Photographie Adam Feldstain\",\"description\":\"Les service du photographie pour les mariage\",\"publisher\":{\"@id\":\"https:\/\/www.photosbyadam.ca\/fr\/#organization\"},\"potentialAction\":[{\"@type\":\"SearchAction\",\"target\":{\"@type\":\"EntryPoint\",\"urlTemplate\":\"https:\/\/www.photosbyadam.ca\/fr\/?s={search_term_string}\"},\"query-input\":{\"@type\":\"PropertyValueSpecification\",\"valueRequired\":true,\"valueName\":\"search_term_string\"}}],\"inLanguage\":\"en-US\"},{\"@type\":\"Organization\",\"@id\":\"https:\/\/www.photosbyadam.ca\/fr\/#organization\",\"name\":\"Photographie Adam Feldstain\",\"url\":\"https:\/\/www.photosbyadam.ca\/fr\/\",\"logo\":{\"@type\":\"ImageObject\",\"inLanguage\":\"en-US\",\"@id\":\"https:\/\/www.photosbyadam.ca\/fr\/#\/schema\/logo\/image\/\",\"url\":\"https:\/\/www.photosbyadam.ca\/fr\/wp-content\/uploads\/2017\/12\/cropped-afp-site-logo-2018.png\",\"contentUrl\":\"https:\/\/www.photosbyadam.ca\/fr\/wp-content\/uploads\/2017\/12\/cropped-afp-site-logo-2018.png\",\"width\":410,\"height\":82,\"caption\":\"Photographie Adam Feldstain\"},\"image\":{\"@id\":\"https:\/\/www.photosbyadam.ca\/fr\/#\/schema\/logo\/image\/\"},\"sameAs\":[\"https:\/\/x.com\/afptweets\"]}]}<\/script>\n<!-- \/ Yoast SEO plugin. -->","yoast_head_json":{"title":"\u00e0 propos de moi - Photographe de mariage a Montr\u00e9al - Adam Feldstain","description":"Je suis un photographe de mariage a Montr\u00e9al Ma philosophie est que la vie est de l\u2019art qui ne demande qu\u2019\u00e0 \u00eatre encadr\u00e9.","robots":{"index":"index","follow":"follow","max-snippet":"max-snippet:-1","max-image-preview":"max-image-preview:large","max-video-preview":"max-video-preview:-1"},"canonical":"https:\/\/www.photosbyadam.ca\/fr\/photographe-de-mariage-a-montreal-a-propos-de-moi","og_locale":"en_US","og_type":"article","og_title":"\u00e0 propos de moi - Photographe de mariage a Montr\u00e9al - Adam Feldstain","og_description":"Je suis un photographe de mariage a Montr\u00e9al Ma philosophie est que la vie est de l\u2019art qui ne demande qu\u2019\u00e0 \u00eatre encadr\u00e9.","og_url":"https:\/\/www.photosbyadam.ca\/fr\/photographe-de-mariage-a-montreal-a-propos-de-moi","og_site_name":"Photographie Adam Feldstain","article_modified_time":"2023-03-09T14:05:52+00:00","og_image":[{"url":"http:\/\/www.photosbyadam.ca\/fr\/wp-content\/uploads\/2013\/02\/adams_photo2.jpg","type":"","width":"","height":""}],"twitter_card":"summary_large_image","twitter_site":"@afptweets","twitter_misc":{"Est. reading time":"2 minutes"},"schema":{"@context":"https:\/\/schema.org","@graph":[{"@type":"WebPage","@id":"https:\/\/www.photosbyadam.ca\/fr\/photographe-de-mariage-a-montreal-a-propos-de-moi","url":"https:\/\/www.photosbyadam.ca\/fr\/photographe-de-mariage-a-montreal-a-propos-de-moi","name":"\u00e0 propos de moi - Photographe de mariage a Montr\u00e9al - Adam Feldstain","isPartOf":{"@id":"https:\/\/www.photosbyadam.ca\/fr\/#website"},"primaryImageOfPage":{"@id":"https:\/\/www.photosbyadam.ca\/fr\/photographe-de-mariage-a-montreal-a-propos-de-moi#primaryimage"},"image":{"@id":"https:\/\/www.photosbyadam.ca\/fr\/photographe-de-mariage-a-montreal-a-propos-de-moi#primaryimage"},"thumbnailUrl":"http:\/\/www.photosbyadam.ca\/fr\/wp-content\/uploads\/2013\/02\/adams_photo2.jpg","datePublished":"2013-02-19T21:52:24+00:00","dateModified":"2023-03-09T14:05:52+00:00","description":"Je suis un photographe de mariage a Montr\u00e9al Ma philosophie est que la vie est de l\u2019art qui ne demande qu\u2019\u00e0 \u00eatre encadr\u00e9.","breadcrumb":{"@id":"https:\/\/www.photosbyadam.ca\/fr\/photographe-de-mariage-a-montreal-a-propos-de-moi#breadcrumb"},"inLanguage":"en-US","potentialAction":[{"@type":"ReadAction","target":["https:\/\/www.photosbyadam.ca\/fr\/photographe-de-mariage-a-montreal-a-propos-de-moi"]}]},{"@type":"ImageObject","inLanguage":"en-US","@id":"https:\/\/www.photosbyadam.ca\/fr\/photographe-de-mariage-a-montreal-a-propos-de-moi#primaryimage","url":"http:\/\/www.photosbyadam.ca\/fr\/wp-content\/uploads\/2013\/02\/adams_photo2.jpg","contentUrl":"http:\/\/www.photosbyadam.ca\/fr\/wp-content\/uploads\/2013\/02\/adams_photo2.jpg"},{"@type":"BreadcrumbList","@id":"https:\/\/www.photosbyadam.ca\/fr\/photographe-de-mariage-a-montreal-a-propos-de-moi#breadcrumb","itemListElement":[{"@type":"ListItem","position":1,"name":"accueil","item":"https:\/\/www.photosbyadam.ca\/fr\/"},{"@type":"ListItem","position":2,"name":"photographe de mariage a Montr\u00e9al &#8211; \u00e0 propos de moi"}]},{"@type":"WebSite","@id":"https:\/\/www.photosbyadam.ca\/fr\/#website","url":"https:\/\/www.photosbyadam.ca\/fr\/","name":"Photographie Adam Feldstain","description":"Les service du photographie pour les mariage","publisher":{"@id":"https:\/\/www.photosbyadam.ca\/fr\/#organization"},"potentialAction":[{"@type":"SearchAction","target":{"@type":"EntryPoint","urlTemplate":"https:\/\/www.photosbyadam.ca\/fr\/?s={search_term_string}"},"query-input":{"@type":"PropertyValueSpecification","valueRequired":true,"valueName":"search_term_string"}}],"inLanguage":"en-US"},{"@type":"Organization","@id":"https:\/\/www.photosbyadam.ca\/fr\/#organization","name":"Photographie Adam Feldstain","url":"https:\/\/www.photosbyadam.ca\/fr\/","logo":{"@type":"ImageObject","inLanguage":"en-US","@id":"https:\/\/www.photosbyadam.ca\/fr\/#\/schema\/logo\/image\/","url":"https:\/\/www.photosbyadam.ca\/fr\/wp-content\/uploads\/2017\/12\/cropped-afp-site-logo-2018.png","contentUrl":"https:\/\/www.photosbyadam.ca\/fr\/wp-content\/uploads\/2017\/12\/cropped-afp-site-logo-2018.png","width":410,"height":82,"caption":"Photographie Adam Feldstain"},"image":{"@id":"https:\/\/www.photosbyadam.ca\/fr\/#\/schema\/logo\/image\/"},"sameAs":["https:\/\/x.com\/afptweets"]}]}},"_links":{"self":[{"href":"https:\/\/www.photosbyadam.ca\/fr\/wp-json\/wp\/v2\/pages\/10","targetHints":{"allow":["GET"]}}],"collection":[{"href":"https:\/\/www.photosbyadam.ca\/fr\/wp-json\/wp\/v2\/pages"}],"about":[{"href":"https:\/\/www.photosbyadam.ca\/fr\/wp-json\/wp\/v2\/types\/page"}],"author":[{"embeddable":true,"href":"https:\/\/www.photosbyadam.ca\/fr\/wp-json\/wp\/v2\/users\/1"}],"replies":[{"embeddable":true,"href":"https:\/\/www.photosbyadam.ca\/fr\/wp-json\/wp\/v2\/comments?post=10"}],"version-history":[{"count":5,"href":"https:\/\/www.photosbyadam.ca\/fr\/wp-json\/wp\/v2\/pages\/10\/revisions"}],"predecessor-version":[{"id":89,"href":"https:\/\/www.photosbyadam.ca\/fr\/wp-json\/wp\/v2\/pages\/10\/revisions\/89"}],"wp:attachment":[{"href":"https:\/\/www.photosbyadam.ca\/fr\/wp-json\/wp\/v2\/media?parent=10"}],"curies":[{"name":"wp","href":"https:\/\/api.w.org\/{rel}","templated":true}]}}